{"id":28626,"date":"2019-12-17T13:28:20","date_gmt":"2019-12-17T13:28:20","guid":{"rendered":"https:\/\/www.enterpriseqm.com\/angel-mir-caso-de-exito\/"},"modified":"2021-01-27T18:23:14","modified_gmt":"2021-01-27T18:23:14","slug":"angel-mir-success-story","status":"publish","type":"page","link":"https:\/\/eqmold.pictau.com\/en\/angel-mir-success-story\/","title":{"rendered":"\u00c1ngel Mir caso de \u00e9xito"},"content":{"rendered":"<div id=\"pl-28626\"  class=\"panel-layout\" ><div id=\"pg-28626-0\"  class=\"panel-grid panel-no-style\" ><div id=\"pgc-28626-0-0\"  class=\"panel-grid-cell\" ><div id=\"panel-28626-0-0-0\" class=\"so-panel widget_sow-headline panel-first-child panel-last-child\" data-index=\"0\" ><div\n\t\t\t\n\t\t\tclass=\"so-widget-sow-headline so-widget-sow-headline-default-2bfa448098cd-28626\"\n\t\t\t\n\t\t><div class=\"sow-headline-container \">\n\t\t\t\t\t\t\t<h1 class=\"sow-headline\">\n\t\t\t\t\t\tEQM Success Stories | Angel Mir\t\t\t\t\t\t<\/h1>\n\t\t\t\t\t\t<\/div>\n<\/div><\/div><\/div><\/div><div id=\"pg-28626-1\"  class=\"panel-grid panel-no-style\" ><div id=\"pgc-28626-1-0\"  class=\"panel-grid-cell\" ><div id=\"panel-28626-1-0-0\" class=\"so-panel widget_sow-editor panel-first-child panel-last-child\" data-index=\"1\" ><div\n\t\t\t\n\t\t\tclass=\"so-widget-sow-editor so-widget-sow-editor-base\"\n\t\t\t\n\t\t>\n<div class=\"siteorigin-widget-tinymce textwidget\">\n\t<h2 style=\"text-align: center;\">\u00c1ngel Mir implements Dynamics AX 2009<\/h2>\n<p>The \u00c1ngel Mir head office, located in Cor\u00e7\u00e0 (Girona), has a 22,000 m2 manufacturing and logistics plant, as well as three branches in Barcelona, Valencia and Andalusia. Each of them has a warehouse and offices for the sales management and assembly of products.<br \/>\nWhat's more, it has a significant fleet of its own industrial and logistics transport vehicles.<br \/>\n\u00c1ngel Mir operates in more than fifty countries in Europe, Africa, Asia and the Americas through local offices and distributors, with exports accounting for more than 50% of its production.<\/p>\n<\/div>\n<\/div><\/div><\/div><\/div><div id=\"pg-28626-2\"  class=\"panel-grid panel-no-style\" ><div id=\"pgc-28626-2-0\"  class=\"panel-grid-cell\" ><div id=\"panel-28626-2-0-0\" class=\"so-panel widget_sow-editor panel-first-child panel-last-child\" data-index=\"2\" ><div\n\t\t\t\n\t\t\tclass=\"so-widget-sow-editor so-widget-sow-editor-base\"\n\t\t\t\n\t\t>\n<div class=\"siteorigin-widget-tinymce textwidget\">\n\t<p><img loading=\"lazy\" decoding=\"async\" class=\"alignnone wp-image-17913 size-full\" title=\"\u00c1ngel Mir\" src=\"https:\/\/eqmold.pictau.com\/wp-content\/uploads\/2019\/12\/caso-de-exito-angel-mir.jpg\" alt=\"angel-mir\" width=\"400\" height=\"371\" srcset=\"https:\/\/eqmold.pictau.com\/wp-content\/uploads\/2019\/12\/caso-de-exito-angel-mir.jpg 400w, https:\/\/eqmold.pictau.com\/wp-content\/uploads\/2019\/12\/caso-de-exito-angel-mir-300x278.jpg 300w\" sizes=\"auto, (max-width: 400px) 100vw, 400px\" \/><\/p>\n<\/div>\n<\/div><\/div><\/div><div id=\"pgc-28626-2-1\"  class=\"panel-grid-cell\" ><div id=\"panel-28626-2-1-0\" class=\"so-panel widget_sow-editor panel-first-child\" data-index=\"3\" ><div\n\t\t\t\n\t\t\tclass=\"so-widget-sow-editor so-widget-sow-editor-base\"\n\t\t\t\n\t\t>\n<div class=\"siteorigin-widget-tinymce textwidget\">\n\t<ul>\n<li>Competitive advantages based on specialisation and international expansion.<\/li>\n<li>Areas: finance, procurement, national and international sales, logistics and production.<\/li>\n<li>Implementation of Microsoft Dynamics AX 2009 and unification with the upgrades provided<\/li>\n<li>Implementation of product configurator and upgrade projects.<\/li>\n<li>Integration of all sales information in Dynamics AX.<\/li>\n<li>Key transformation process to absorb the growth of the company.<\/li>\n<\/ul>\n<\/div>\n<\/div><\/div><div id=\"panel-28626-2-1-1\" class=\"so-panel widget_sow-button panel-last-child\" data-index=\"4\" ><div\n\t\t\t\n\t\t\tclass=\"so-widget-sow-button so-widget-sow-button-atom-f54c0409268f-28626\"\n\t\t\t\n\t\t><div class=\"ow-button-base ow-button-align-center\">\n\t<a\n\thref=\"https:\/\/eqmold.pictau.com\/en\/microsoft-dynamics-ax\/\"\n\t\tclass=\"ow-icon-placement-left ow-button-hover\" \t>\n\t\t<span>\n\t\t\t\n\t\t\tDynamics AX (AXAPTA)\t\t<\/span>\n\t<\/a>\n<\/div>\n<\/div><\/div><\/div><\/div><div id=\"pg-28626-3\"  class=\"panel-grid panel-no-style\" ><div id=\"pgc-28626-3-0\"  class=\"panel-grid-cell\" ><div id=\"panel-28626-3-0-0\" class=\"so-panel widget_sow-features panel-first-child panel-last-child\" data-index=\"5\" ><div\n\t\t\t\n\t\t\tclass=\"so-widget-sow-features so-widget-sow-features-default-5e21ac59082f-28626\"\n\t\t\t\n\t\t>\n<div class=\"sow-features-list sow-features-responsive\">\n\n\t\t\t\t\t\t\t\t\t<div\n\t\t\t\tclass=\"sow-features-feature sow-icon-container-position-top\"\n\t\t\t\tstyle=\"display: flex; flex-direction: column; width: calc(25% - 25px);\"\n\t\t\t>\n\t\t\t\n\t\t\t\t\t\t\t\t<div\n\t\t\t\t\tclass=\"sow-icon-container sow-container-none\"\n\t\t\t\t\tstyle=\"color: #404040; \"\n\t\t\t\t\t\t\t\t\t>\n\t\t\t\t\t<span class=\"sow-icon-fontawesome sow-fas\" data-sow-icon=\"&#xf011;\"\n\t\tstyle=\"font-size: 65px; color: #336699\" \n\t\taria-hidden=\"true\"><\/span>\t\t\t\t<\/div>\n\t\t\t\t\n\t\t\t\t<div class=\"textwidget\">\n\t\t\t\t\t\n\t\t\t\t\t\n\t\t\t\t\t\t\t\t\t\t\t<h2 style=\"text-align: center\">Technology<\/h2>\n<p style=\"text-align: center\">Dynamics AX<\/p>\t\t\t\t\t\n\t\t\t\t\t\t\t\t\t<\/div>\n\t\t\t\t\t\t\t\t\n\t\t\t\t\t\t\t<\/div>\n\n\t\t\t\t\t\t\t\t<div\n\t\t\t\tclass=\"sow-features-feature sow-icon-container-position-top\"\n\t\t\t\tstyle=\"display: flex; flex-direction: column; width: calc(25% - 25px);\"\n\t\t\t>\n\t\t\t\n\t\t\t\t\t\t\t\t<div\n\t\t\t\t\tclass=\"sow-icon-container sow-container-none\"\n\t\t\t\t\tstyle=\"color: #404040; \"\n\t\t\t\t\t\t\t\t\t>\n\t\t\t\t\t<span class=\"sow-icon-fontawesome sow-fas\" data-sow-icon=\"&#xf6ff;\"\n\t\tstyle=\"font-size: 65px; color: #336699\" \n\t\taria-hidden=\"true\"><\/span>\t\t\t\t<\/div>\n\t\t\t\t\n\t\t\t\t<div class=\"textwidget\">\n\t\t\t\t\t\n\t\t\t\t\t\n\t\t\t\t\t\t\t\t\t\t\t<h2 style=\"text-align: center\">Sector<\/h2>\n<p style=\"text-align: center\">Industrial<\/p>\n<p style=\"text-align: center\">Manufacturing<\/p>\n<p style=\"text-align: center\">Distribution<\/p>\n\t\t\t\t\t\n\t\t\t\t\t\t\t\t\t<\/div>\n\t\t\t\t\t\t\t\t\n\t\t\t\t\t\t\t<\/div>\n\n\t\t\t\t\t\t\t\t<div\n\t\t\t\tclass=\"sow-features-feature sow-icon-container-position-top\"\n\t\t\t\tstyle=\"display: flex; flex-direction: column; width: calc(25% - 25px);\"\n\t\t\t>\n\t\t\t\n\t\t\t\t\t\t\t\t<div\n\t\t\t\t\tclass=\"sow-icon-container sow-container-none\"\n\t\t\t\t\tstyle=\"color: #404040; \"\n\t\t\t\t\t\t\t\t\t>\n\t\t\t\t\t<span class=\"sow-icon-fontawesome sow-fas\" data-sow-icon=\"&#xf1fe;\"\n\t\tstyle=\"font-size: 65px; color: #336699\" \n\t\taria-hidden=\"true\"><\/span>\t\t\t\t<\/div>\n\t\t\t\t\n\t\t\t\t<div class=\"textwidget\">\n\t\t\t\t\t\n\t\t\t\t\t\n\t\t\t\t\t\t\t\t\t\t\t<h2 style=\"text-align: center\">Size<\/h2>\n<p style=\"text-align: center\">\u20ac20m - 165 employees<\/p>\t\t\t\t\t\n\t\t\t\t\t\t\t\t\t<\/div>\n\t\t\t\t\t\t\t\t\n\t\t\t\t\t\t\t<\/div>\n\n\t\t\t\t\t\t\t\t<div\n\t\t\t\tclass=\"sow-features-feature sow-icon-container-position-top\"\n\t\t\t\tstyle=\"display: flex; flex-direction: column; width: calc(25% - 25px);\"\n\t\t\t>\n\t\t\t\n\t\t\t\t\t\t\t\t<div\n\t\t\t\t\tclass=\"sow-icon-container sow-container-none\"\n\t\t\t\t\tstyle=\"color: #404040; \"\n\t\t\t\t\t\t\t\t\t>\n\t\t\t\t\t<span class=\"sow-icon-fontawesome sow-fas\" data-sow-icon=\"&#xf57d;\"\n\t\tstyle=\"font-size: 65px; color: #336699\" \n\t\taria-hidden=\"true\"><\/span>\t\t\t\t<\/div>\n\t\t\t\t\n\t\t\t\t<div class=\"textwidget\">\n\t\t\t\t\t\n\t\t\t\t\t\n\t\t\t\t\t\t\t\t\t\t\t<h2 style=\"text-align: center\">Countries<\/h2>\n<p style=\"text-align: center\">Spain<\/p>\t\t\t\t\t\n\t\t\t\t\t\t\t\t\t<\/div>\n\t\t\t\t\t\t\t\t\n\t\t\t\t\t\t\t<\/div>\n\n\t\t\t\n<\/div>\n<\/div><\/div><\/div><\/div><div id=\"pg-28626-4\"  class=\"panel-grid panel-no-style\" ><div id=\"pgc-28626-4-0\"  class=\"panel-grid-cell\" ><div id=\"panel-28626-4-0-0\" class=\"so-panel widget_sow-headline panel-first-child panel-last-child\" data-index=\"6\" ><div\n\t\t\t\n\t\t\tclass=\"so-widget-sow-headline so-widget-sow-headline-default-6bacea98a019-28626\"\n\t\t\t\n\t\t><div class=\"sow-headline-container \">\n\t\t\t\t\t\t<div class=\"decoration\">\n\t\t\t\t\t\t<div class=\"decoration-inside\"><\/div>\n\t\t\t\t\t<\/div>\n\t\t\t\t\t<\/div>\n<\/div><\/div><\/div><\/div><div id=\"pg-28626-5\"  class=\"panel-grid panel-no-style\" ><div id=\"pgc-28626-5-0\"  class=\"panel-grid-cell\" ><div id=\"panel-28626-5-0-0\" class=\"so-panel widget_sow-editor panel-first-child panel-last-child\" data-index=\"7\" ><div\n\t\t\t\n\t\t\tclass=\"so-widget-sow-editor so-widget-sow-editor-base\"\n\t\t\t\n\t\t>\n<div class=\"siteorigin-widget-tinymce textwidget\">\n\t<h2 style=\"text-align: center;\"><a href=\"https:\/\/eqmold.pictau.com\/en\/customers-success-stories\/\"><see MORE SUCCESS STORIES<\/strong><\/see><\/a><\/h2>\n<h2 style=\"text-align: center;\">OTHER SOLUTIONS FOR YOUR COMPANY<\/h2>\n<p style=\"text-align: center;\">EQM offers an extensive portfolio of business solutions to enhance your company's competitiveness by optimising management, improving processes, increasing profitability, and boosting resource productivity.<\/p>\n<\/div>\n<\/div><\/div><\/div><\/div><div id=\"pg-28626-6\"  class=\"panel-grid panel-no-style\" ><div id=\"pgc-28626-6-0\"  class=\"panel-grid-cell\" ><div id=\"panel-28626-6-0-0\" class=\"so-panel widget_sow-features panel-first-child panel-last-child\" data-index=\"8\" ><div\n\t\t\t\n\t\t\tclass=\"so-widget-sow-features so-widget-sow-features-default-5e21ac59082f-28626\"\n\t\t\t\n\t\t>\n<div class=\"sow-features-list sow-features-responsive\">\n\n\t\t\t\t\t\t\t\t\t<div\n\t\t\t\tclass=\"sow-features-feature sow-icon-container-position-top\"\n\t\t\t\tstyle=\"display: flex; flex-direction: column; width: calc(25% - 25px);\"\n\t\t\t>\n\t\t\t\t\t\t\t<div class=\"sow-features-feature-right-left-container\" style=\"display: flex; flex-direction: inherit;\">\n\t\t\t\n\t\t\t\t\t\t\t\t<div\n\t\t\t\t\tclass=\"sow-icon-container sow-container-none\"\n\t\t\t\t\tstyle=\"color: #404040; \"\n\t\t\t\t\t\t\t\t\t>\n\t\t\t\t\t<span class=\"sow-icon-fontawesome sow-fas\" data-sow-icon=\"&#xf085;\"\n\t\tstyle=\"font-size: 65px; color: #336699\" \n\t\taria-hidden=\"true\"><\/span>\t\t\t\t<\/div>\n\t\t\t\t\n\t\t\t\t<div class=\"textwidget\">\n\t\t\t\t\t\t\t\t\t\t\t<div class=\"sow-features-feature-content\">\n\t\t\t\t\t\n\t\t\t\t\t\n\t\t\t\t\t\t\t\t\t\t\t<h2 style=\"text-align: center\">Dynamics 365 Field Service<\/h2>\n<p style=\"text-align: center\">Optimise resources and enable your technicians to be even more efficient.<\/p>\t\t\t\t\t\n\t\t\t\t\t\t\t\t\t\t\t<\/div>\n\t\t\t\t\t\t<p class=\"sow-more-text\">\n\t\t\t\t\t\t\t<a href=\"https:\/\/eqmold.pictau.com\/en\/microsoft-dynamics-365-field-service\/\" >\t\t\t\t\t\t\tLEARN MORE\t\t\t\t\t\t\t<\/a>\t\t\t\t\t\t<\/p>\n\t\t\t\t\t\t\t\t\t<\/div>\n\t\t\t\t\t\t\t\t\t<\/div>\n\t\t\t\t\t\t\t\t\n\t\t\t\t\t\t\t<\/div>\n\n\t\t\t\t\t\t\t\t<div\n\t\t\t\tclass=\"sow-features-feature sow-icon-container-position-top\"\n\t\t\t\tstyle=\"display: flex; flex-direction: column; width: calc(25% - 25px);\"\n\t\t\t>\n\t\t\t\t\t\t\t<div class=\"sow-features-feature-right-left-container\" style=\"display: flex; flex-direction: inherit;\">\n\t\t\t\n\t\t\t\t\t\t\t\t<div\n\t\t\t\t\tclass=\"sow-icon-container sow-container-none\"\n\t\t\t\t\tstyle=\"color: #404040; \"\n\t\t\t\t\t\t\t\t\t>\n\t\t\t\t\t<span class=\"sow-icon-fontawesome sow-fas\" data-sow-icon=\"&#xf25b;\"\n\t\tstyle=\"font-size: 65px; color: #336699\" \n\t\taria-hidden=\"true\"><\/span>\t\t\t\t<\/div>\n\t\t\t\t\n\t\t\t\t<div class=\"textwidget\">\n\t\t\t\t\t\t\t\t\t\t\t<div class=\"sow-features-feature-content\">\n\t\t\t\t\t\n\t\t\t\t\t\n\t\t\t\t\t\t\t\t\t\t\t<h2 style=\"text-align: center\">Dynamics 365 Remote Assist<\/h2>\n<p style=\"text-align: center\">Solve problems faster by harnessing all the possibilities of mixed reality.<\/p>\t\t\t\t\t\n\t\t\t\t\t\t\t\t\t\t\t<\/div>\n\t\t\t\t\t\t<p class=\"sow-more-text\">\n\t\t\t\t\t\t\t<a href=\"https:\/\/eqmold.pictau.com\/en\/microsoft-dynamics-365-remote-assist\/\" >\t\t\t\t\t\t\tLEARN MORE\t\t\t\t\t\t\t<\/a>\t\t\t\t\t\t<\/p>\n\t\t\t\t\t\t\t\t\t<\/div>\n\t\t\t\t\t\t\t\t\t<\/div>\n\t\t\t\t\t\t\t\t\n\t\t\t\t\t\t\t<\/div>\n\n\t\t\t\t\t\t\t\t<div\n\t\t\t\tclass=\"sow-features-feature sow-icon-container-position-top\"\n\t\t\t\tstyle=\"display: flex; flex-direction: column; width: calc(25% - 25px);\"\n\t\t\t>\n\t\t\t\t\t\t\t<div class=\"sow-features-feature-right-left-container\" style=\"display: flex; flex-direction: inherit;\">\n\t\t\t\n\t\t\t\t\t\t\t\t<div\n\t\t\t\t\tclass=\"sow-icon-container sow-container-none\"\n\t\t\t\t\tstyle=\"color: #404040; \"\n\t\t\t\t\t\t\t\t\t>\n\t\t\t\t\t<span class=\"sow-icon-fontawesome sow-fas\" data-sow-icon=\"&#xf2b5;\"\n\t\tstyle=\"font-size: 65px; color: #336699\" \n\t\taria-hidden=\"true\"><\/span>\t\t\t\t<\/div>\n\t\t\t\t\n\t\t\t\t<div class=\"textwidget\">\n\t\t\t\t\t\t\t\t\t\t\t<div class=\"sow-features-feature-content\">\n\t\t\t\t\t\n\t\t\t\t\t\n\t\t\t\t\t\t\t\t\t\t\t<h2 style=\"text-align: center\">Dynamics 365 Customer Insights<\/h2>\n<p style=\"text-align: center\">Get a one-stop overview of customers and provide a personalised experience.<\/p>\t\t\t\t\t\n\t\t\t\t\t\t\t\t\t\t\t<\/div>\n\t\t\t\t\t\t<p class=\"sow-more-text\">\n\t\t\t\t\t\t\t<a href=\"https:\/\/eqmold.pictau.com\/en\/microsoft-dynamics-365-customer-insights\/\" >\t\t\t\t\t\t\tLEARN MORE\t\t\t\t\t\t\t<\/a>\t\t\t\t\t\t<\/p>\n\t\t\t\t\t\t\t\t\t<\/div>\n\t\t\t\t\t\t\t\t\t<\/div>\n\t\t\t\t\t\t\t\t\n\t\t\t\t\t\t\t<\/div>\n\n\t\t\t\t\t\t\t\t<div\n\t\t\t\tclass=\"sow-features-feature sow-icon-container-position-top\"\n\t\t\t\tstyle=\"display: flex; flex-direction: column; width: calc(25% - 25px);\"\n\t\t\t>\n\t\t\t\t\t\t\t<div class=\"sow-features-feature-right-left-container\" style=\"display: flex; flex-direction: inherit;\">\n\t\t\t\n\t\t\t\t\t\t\t\t<div\n\t\t\t\t\tclass=\"sow-icon-container sow-container-none\"\n\t\t\t\t\tstyle=\"color: #404040; \"\n\t\t\t\t\t\t\t\t\t>\n\t\t\t\t\t<span class=\"sow-icon-fontawesome sow-fas\" data-sow-icon=\"&#xf200;\"\n\t\tstyle=\"font-size: 65px; color: #336699\" \n\t\taria-hidden=\"true\"><\/span>\t\t\t\t<\/div>\n\t\t\t\t\n\t\t\t\t<div class=\"textwidget\">\n\t\t\t\t\t\t\t\t\t\t\t<div class=\"sow-features-feature-content\">\n\t\t\t\t\t\n\t\t\t\t\t\n\t\t\t\t\t\t\t\t\t\t\t<h2 style=\"text-align: center\">Dynamics 365 Customer Service Insights<\/h2>\n<p style=\"text-align: center\">Extract insights, metrics and trends, and use virtual agents to quickly resolve support issues.<\/p>\t\t\t\t\t\n\t\t\t\t\t\t\t\t\t\t\t<\/div>\n\t\t\t\t\t\t<p class=\"sow-more-text\">\n\t\t\t\t\t\t\t<a href=\"https:\/\/eqmold.pictau.com\/en\/microsoft-dynamics-365-customer-service-insights\/\" >\t\t\t\t\t\t\tLEARN MORE\t\t\t\t\t\t\t<\/a>\t\t\t\t\t\t<\/p>\n\t\t\t\t\t\t\t\t\t<\/div>\n\t\t\t\t\t\t\t\t\t<\/div>\n\t\t\t\t\t\t\t\t\n\t\t\t\t\t\t\t<\/div>\n\n\t\t\t\n<\/div>\n<\/div><\/div><\/div><\/div><\/div>","protected":false},"excerpt":{"rendered":"<p>\u00c1ngel Mir implements Dynamics AX 2009 The \u00c1ngel Mir head office, located in Cor\u00e7\u00e0 (Girona), has a 22,000 m2 manufacturing and logistics plant, as well as three branches in Barcelona, Valencia and Andalusia. Each of them has a warehouse and offices for the sales management and assembly of products. What&#8217;s more, it has a significant [&hellip;]<\/p>\n","protected":false},"author":7,"featured_media":0,"parent":0,"menu_order":0,"comment_status":"closed","ping_status":"closed","template":"","meta":{"footnotes":""},"class_list":["post-28626","page","type-page","status-publish","hentry","wpbf-post"],"yoast_head":"<!-- This site is optimized with the Yoast SEO plugin v22.9 - https:\/\/yoast.com\/wordpress\/plugins\/seo\/ -->\n<title>Angel Mir | Deploy Microsoft Dynamics AX with EQM<\/title>\n<meta name=\"description\" content=\"Angel Mir | The largest Spanish company in the manufacture and assembly of doors, optimizes business processes with Microsoft dynamics AX\" \/>\n<meta name=\"robots\" content=\"noindex, follow, max-snippet:-1, max-image-preview:large, max-video-preview:-1\" \/>\n<meta property=\"og:locale\" content=\"en_US\" \/>\n<meta property=\"og:type\" content=\"article\" \/>\n<meta property=\"og:title\" content=\"Angel Mir | Deploy Microsoft Dynamics AX with EQM\" \/>\n<meta property=\"og:description\" content=\"Angel Mir | The largest Spanish company in the manufacture and assembly of doors, optimizes business processes with Microsoft dynamics AX\" \/>\n<meta property=\"og:url\" content=\"https:\/\/eqmold.pictau.com\/en\/angel-mir-success-story\/\" \/>\n<meta property=\"og:site_name\" content=\"EQM\" \/>\n<meta property=\"article:modified_time\" content=\"2021-01-27T18:23:14+00:00\" \/>\n<meta property=\"og:image\" content=\"https:\/\/eqmold.pictau.com\/wp-content\/uploads\/2019\/12\/caso-de-exito-angel-mir.jpg\" \/>\n<meta name=\"twitter:card\" content=\"summary_large_image\" \/>\n<meta name=\"twitter:site\" content=\"@enterpriseqm\" \/>\n<meta name=\"twitter:label1\" content=\"Est. reading time\" \/>\n\t<meta name=\"twitter:data1\" content=\"1 minute\" \/>\n<script type=\"application\/ld+json\" class=\"yoast-schema-graph\">{\"@context\":\"https:\/\/schema.org\",\"@graph\":[{\"@type\":\"WebPage\",\"@id\":\"https:\/\/eqmold.pictau.com\/en\/angel-mir-success-story\/\",\"url\":\"https:\/\/eqmold.pictau.com\/en\/angel-mir-success-story\/\",\"name\":\"Angel Mir | Deploy Microsoft Dynamics AX with EQM\",\"isPartOf\":{\"@id\":\"https:\/\/eqmold.pictau.com\/en\/#website\"},\"primaryImageOfPage\":{\"@id\":\"https:\/\/eqmold.pictau.com\/en\/angel-mir-success-story\/#primaryimage\"},\"image\":{\"@id\":\"https:\/\/eqmold.pictau.com\/en\/angel-mir-success-story\/#primaryimage\"},\"thumbnailUrl\":\"https:\/\/eqmold.pictau.com\/wp-content\/uploads\/2019\/12\/caso-de-exito-angel-mir.jpg\",\"datePublished\":\"2019-12-17T13:28:20+00:00\",\"dateModified\":\"2021-01-27T18:23:14+00:00\",\"description\":\"Angel Mir | The largest Spanish company in the manufacture and assembly of doors, optimizes business processes with Microsoft dynamics AX\",\"breadcrumb\":{\"@id\":\"https:\/\/eqmold.pictau.com\/en\/angel-mir-success-story\/#breadcrumb\"},\"inLanguage\":\"en-US\",\"potentialAction\":[{\"@type\":\"ReadAction\",\"target\":[\"https:\/\/eqmold.pictau.com\/en\/angel-mir-success-story\/\"]}]},{\"@type\":\"ImageObject\",\"inLanguage\":\"en-US\",\"@id\":\"https:\/\/eqmold.pictau.com\/en\/angel-mir-success-story\/#primaryimage\",\"url\":\"https:\/\/eqmold.pictau.com\/wp-content\/uploads\/2019\/12\/caso-de-exito-angel-mir.jpg\",\"contentUrl\":\"https:\/\/eqmold.pictau.com\/wp-content\/uploads\/2019\/12\/caso-de-exito-angel-mir.jpg\"},{\"@type\":\"BreadcrumbList\",\"@id\":\"https:\/\/eqmold.pictau.com\/en\/angel-mir-success-story\/#breadcrumb\",\"itemListElement\":[{\"@type\":\"ListItem\",\"position\":1,\"name\":\"Portada\",\"item\":\"https:\/\/eqmold.pictau.com\/en\/\"},{\"@type\":\"ListItem\",\"position\":2,\"name\":\"\u00c1ngel Mir caso de \u00e9xito\"}]},{\"@type\":\"WebSite\",\"@id\":\"https:\/\/eqmold.pictau.com\/en\/#website\",\"url\":\"https:\/\/eqmold.pictau.com\/en\/\",\"name\":\"EQM\",\"description\":\"Empresa de Consultor\u00eda | EQM\",\"publisher\":{\"@id\":\"https:\/\/eqmold.pictau.com\/en\/#organization\"},\"potentialAction\":[{\"@type\":\"SearchAction\",\"target\":{\"@type\":\"EntryPoint\",\"urlTemplate\":\"https:\/\/eqmold.pictau.com\/en\/?s={search_term_string}\"},\"query-input\":\"required name=search_term_string\"}],\"inLanguage\":\"en-US\"},{\"@type\":\"Organization\",\"@id\":\"https:\/\/eqmold.pictau.com\/en\/#organization\",\"name\":\"EQM\",\"url\":\"https:\/\/eqmold.pictau.com\/en\/\",\"logo\":{\"@type\":\"ImageObject\",\"inLanguage\":\"en-US\",\"@id\":\"https:\/\/eqmold.pictau.com\/en\/#\/schema\/logo\/image\/\",\"url\":\"https:\/\/eqmold.pictau.com\/wp-content\/uploads\/2019\/10\/logo-EQM.png\",\"contentUrl\":\"https:\/\/eqmold.pictau.com\/wp-content\/uploads\/2019\/10\/logo-EQM.png\",\"width\":484,\"height\":100,\"caption\":\"EQM\"},\"image\":{\"@id\":\"https:\/\/eqmold.pictau.com\/en\/#\/schema\/logo\/image\/\"},\"sameAs\":[\"https:\/\/x.com\/enterpriseqm\",\"https:\/\/www.linkedin.com\/company\/enterprise-quality-management\/\",\"https:\/\/www.youtube.com\/channel\/UC4Q7JlsKFLvU7SomNtoUhOA?reload=9\"]}]}<\/script>\n<!-- \/ Yoast SEO plugin. -->","yoast_head_json":{"title":"Angel Mir | Deploy Microsoft Dynamics AX with EQM","description":"Angel Mir | The largest Spanish company in the manufacture and assembly of doors, optimizes business processes with Microsoft dynamics AX","robots":{"index":"noindex","follow":"follow","max-snippet":"max-snippet:-1","max-image-preview":"max-image-preview:large","max-video-preview":"max-video-preview:-1"},"og_locale":"en_US","og_type":"article","og_title":"Angel Mir | Deploy Microsoft Dynamics AX with EQM","og_description":"Angel Mir | The largest Spanish company in the manufacture and assembly of doors, optimizes business processes with Microsoft dynamics AX","og_url":"https:\/\/eqmold.pictau.com\/en\/angel-mir-success-story\/","og_site_name":"EQM","article_modified_time":"2021-01-27T18:23:14+00:00","og_image":[{"url":"https:\/\/eqmold.pictau.com\/wp-content\/uploads\/2019\/12\/caso-de-exito-angel-mir.jpg"}],"twitter_card":"summary_large_image","twitter_site":"@enterpriseqm","twitter_misc":{"Est. reading time":"1 minute"},"schema":{"@context":"https:\/\/schema.org","@graph":[{"@type":"WebPage","@id":"https:\/\/eqmold.pictau.com\/en\/angel-mir-success-story\/","url":"https:\/\/eqmold.pictau.com\/en\/angel-mir-success-story\/","name":"Angel Mir | Deploy Microsoft Dynamics AX with EQM","isPartOf":{"@id":"https:\/\/eqmold.pictau.com\/en\/#website"},"primaryImageOfPage":{"@id":"https:\/\/eqmold.pictau.com\/en\/angel-mir-success-story\/#primaryimage"},"image":{"@id":"https:\/\/eqmold.pictau.com\/en\/angel-mir-success-story\/#primaryimage"},"thumbnailUrl":"https:\/\/eqmold.pictau.com\/wp-content\/uploads\/2019\/12\/caso-de-exito-angel-mir.jpg","datePublished":"2019-12-17T13:28:20+00:00","dateModified":"2021-01-27T18:23:14+00:00","description":"Angel Mir | The largest Spanish company in the manufacture and assembly of doors, optimizes business processes with Microsoft dynamics AX","breadcrumb":{"@id":"https:\/\/eqmold.pictau.com\/en\/angel-mir-success-story\/#breadcrumb"},"inLanguage":"en-US","potentialAction":[{"@type":"ReadAction","target":["https:\/\/eqmold.pictau.com\/en\/angel-mir-success-story\/"]}]},{"@type":"ImageObject","inLanguage":"en-US","@id":"https:\/\/eqmold.pictau.com\/en\/angel-mir-success-story\/#primaryimage","url":"https:\/\/eqmold.pictau.com\/wp-content\/uploads\/2019\/12\/caso-de-exito-angel-mir.jpg","contentUrl":"https:\/\/eqmold.pictau.com\/wp-content\/uploads\/2019\/12\/caso-de-exito-angel-mir.jpg"},{"@type":"BreadcrumbList","@id":"https:\/\/eqmold.pictau.com\/en\/angel-mir-success-story\/#breadcrumb","itemListElement":[{"@type":"ListItem","position":1,"name":"Portada","item":"https:\/\/eqmold.pictau.com\/en\/"},{"@type":"ListItem","position":2,"name":"\u00c1ngel Mir caso de \u00e9xito"}]},{"@type":"WebSite","@id":"https:\/\/eqmold.pictau.com\/en\/#website","url":"https:\/\/eqmold.pictau.com\/en\/","name":"EQM","description":"Empresa de Consultor\u00eda | EQM","publisher":{"@id":"https:\/\/eqmold.pictau.com\/en\/#organization"},"potentialAction":[{"@type":"SearchAction","target":{"@type":"EntryPoint","urlTemplate":"https:\/\/eqmold.pictau.com\/en\/?s={search_term_string}"},"query-input":"required name=search_term_string"}],"inLanguage":"en-US"},{"@type":"Organization","@id":"https:\/\/eqmold.pictau.com\/en\/#organization","name":"EQM","url":"https:\/\/eqmold.pictau.com\/en\/","logo":{"@type":"ImageObject","inLanguage":"en-US","@id":"https:\/\/eqmold.pictau.com\/en\/#\/schema\/logo\/image\/","url":"https:\/\/eqmold.pictau.com\/wp-content\/uploads\/2019\/10\/logo-EQM.png","contentUrl":"https:\/\/eqmold.pictau.com\/wp-content\/uploads\/2019\/10\/logo-EQM.png","width":484,"height":100,"caption":"EQM"},"image":{"@id":"https:\/\/eqmold.pictau.com\/en\/#\/schema\/logo\/image\/"},"sameAs":["https:\/\/x.com\/enterpriseqm","https:\/\/www.linkedin.com\/company\/enterprise-quality-management\/","https:\/\/www.youtube.com\/channel\/UC4Q7JlsKFLvU7SomNtoUhOA?reload=9"]}]}},"_links":{"self":[{"href":"https:\/\/eqmold.pictau.com\/en\/wp-json\/wp\/v2\/pages\/28626","targetHints":{"allow":["GET"]}}],"collection":[{"href":"https:\/\/eqmold.pictau.com\/en\/wp-json\/wp\/v2\/pages"}],"about":[{"href":"https:\/\/eqmold.pictau.com\/en\/wp-json\/wp\/v2\/types\/page"}],"author":[{"embeddable":true,"href":"https:\/\/eqmold.pictau.com\/en\/wp-json\/wp\/v2\/users\/7"}],"replies":[{"embeddable":true,"href":"https:\/\/eqmold.pictau.com\/en\/wp-json\/wp\/v2\/comments?post=28626"}],"version-history":[{"count":5,"href":"https:\/\/eqmold.pictau.com\/en\/wp-json\/wp\/v2\/pages\/28626\/revisions"}],"predecessor-version":[{"id":31174,"href":"https:\/\/eqmold.pictau.com\/en\/wp-json\/wp\/v2\/pages\/28626\/revisions\/31174"}],"wp:attachment":[{"href":"https:\/\/eqmold.pictau.com\/en\/wp-json\/wp\/v2\/media?parent=28626"}],"curies":[{"name":"wp","href":"https:\/\/api.w.org\/{rel}","templated":true}]}}